{"id":10,"date":"2018-01-27T20:53:04","date_gmt":"2018-01-27T20:53:04","guid":{"rendered":"http:\/\/lafermedesbuteaux.fr\/beta\/?page_id=10"},"modified":"2018-01-27T20:53:04","modified_gmt":"2018-01-27T20:53:04","slug":"video","status":"publish","type":"page","link":"https:\/\/lafermedesbuteaux.fr\/?page_id=10","title":{"rendered":"Vid\u00e9o de Pr\u00e9sentation"},"content":{"rendered":"<p><iframe loading=\"lazy\" title=\"Rencontre avec Eric, l&#039;agriculteur en qu\u00eate d&#039;eau - M\u00e9t\u00e9o \u00e0 la carte\" width=\"500\" height=\"281\" src=\"https:\/\/www.youtube.com\/embed\/FYBT3Oa0CCY?feature=oembed\" frameborder=\"0\" allow=\"accelerometer; autoplay; clipboard-write; encrypted-media; gyroscope; picture-in-picture; web-share\" referrerpolicy=\"strict-origin-when-cross-origin\" allowfullscreen><\/iframe><\/p>\n<p><iframe loading=\"lazy\" title=\"Reportage : Eric Devant, agriculteur\" width=\"500\" height=\"281\" src=\"https:\/\/www.youtube.com\/embed\/ILmSoBEg2mY?feature=oembed\" frameborder=\"0\" allow=\"accelerometer; autoplay; clipboard-write; encrypted-media; gyroscope; picture-in-picture; web-share\" referrerpolicy=\"strict-origin-when-cross-origin\" allowfullscreen><\/iframe><\/p>\n","protected":false},"excerpt":{"rendered":"","protected":false},"author":1,"featured_media":0,"parent":0,"menu_order":0,"comment_status":"closed","ping_status":"closed","template":"","meta":{"iawp_total_views":133,"footnotes":""},"class_list":["post-10","page","type-page","status-publish","hentry","entry"],"_links":{"self":[{"href":"https:\/\/lafermedesbuteaux.fr\/index.php?rest_route=\/wp\/v2\/pages\/10","targetHints":{"allow":["GET"]}}],"collection":[{"href":"https:\/\/lafermedesbuteaux.fr\/index.php?rest_route=\/wp\/v2\/pages"}],"about":[{"href":"https:\/\/lafermedesbuteaux.fr\/index.php?rest_route=\/wp\/v2\/types\/page"}],"author":[{"embeddable":true,"href":"https:\/\/lafermedesbuteaux.fr\/index.php?rest_route=\/wp\/v2\/users\/1"}],"replies":[{"embeddable":true,"href":"https:\/\/lafermedesbuteaux.fr\/index.php?rest_route=%2Fwp%2Fv2%2Fcomments&post=10"}],"version-history":[{"count":0,"href":"https:\/\/lafermedesbuteaux.fr\/index.php?rest_route=\/wp\/v2\/pages\/10\/revisions"}],"wp:attachment":[{"href":"https:\/\/lafermedesbuteaux.fr\/index.php?rest_route=%2Fwp%2Fv2%2Fmedia&parent=10"}],"curies":[{"name":"wp","href":"https:\/\/api.w.org\/{rel}","templated":true}]}}