{"id":8,"date":"2018-01-27T20:53:04","date_gmt":"2018-01-27T20:53:04","guid":{"rendered":"http:\/\/lafermedesbuteaux.fr\/beta\/?page_id=8"},"modified":"2026-01-15T15:30:05","modified_gmt":"2026-01-15T15:30:05","slug":"viande","status":"publish","type":"page","link":"https:\/\/lafermedesbuteaux.fr\/?page_id=8","title":{"rendered":"Composition des colis"},"content":{"rendered":"<p style=\"text-align: left;\">La viande est <span style=\"color: #ff0000;\"><strong>pr\u00eate \u00e0 consommer<\/strong> <\/span>ou \u00e0 congeler. Elles est d\u00e9coup\u00e9e, les biftecks tranch\u00e9s. Certifi\u00e9<span style=\"color: #ff0000;\"><strong><img loading=\"lazy\" decoding=\"async\" class=\"wp-image-130 alignright\" src=\"http:\/\/lafermedesbuteaux.fr\/wp-content\/uploads\/2018\/03\/logoBioAB.jpg\" alt=\"\" width=\"114\" height=\"137\" srcset=\"https:\/\/lafermedesbuteaux.fr\/wp-content\/uploads\/2018\/03\/logoBioAB.jpg 250w, https:\/\/lafermedesbuteaux.fr\/wp-content\/uploads\/2018\/03\/logoBioAB-249x300.jpg 249w\" sizes=\"auto, (max-width: 114px) 100vw, 114px\" \/><\/strong><\/span><br \/>\nAgriculture Biologique par Ecocert, aucune plante OGM dans l&rsquo;alimentation des animaux<\/p>\n<p>Abattage et d\u00e9coupe par des professionnels suivant les normes sanitaires en vigueur.<\/p>\n<p><span style=\"color: #ff0000;\"><strong>Deux formats<\/strong> <\/span>de colis vous sont propos\u00e9s :<img loading=\"lazy\" decoding=\"async\" class=\"size-full wp-image-131 alignright\" src=\"http:\/\/lafermedesbuteaux.fr\/wp-content\/uploads\/2018\/03\/logoBioEU.jpg\" alt=\"\" width=\"154\" height=\"103\" \/><\/p>\n<ul>\n<li>Caissette de 6.2 kg \u00e0 125 \u20ac<\/li>\n<li>Caissette de 3.0 kg \u00e0 63 \u20ac<\/li>\n<\/ul>\n<p>[table id=1 \/]<\/p>\n<div id='gallery-1' class='gallery galleryid-8 gallery-columns-2 gallery-size-large'><figure class='gallery-item'>\n\t\t\t<div class='gallery-icon landscape'>\n\t\t\t\t<a href='https:\/\/lafermedesbuteaux.fr\/?attachment_id=124'><img loading=\"lazy\" decoding=\"async\" width=\"1024\" height=\"683\" src=\"https:\/\/lafermedesbuteaux.fr\/wp-content\/uploads\/2018\/03\/coteDeBoeuf-1024x683.jpg\" class=\"attachment-large size-large\" alt=\"\" aria-describedby=\"gallery-1-124\" srcset=\"https:\/\/lafermedesbuteaux.fr\/wp-content\/uploads\/2018\/03\/coteDeBoeuf-1024x683.jpg 1024w, https:\/\/lafermedesbuteaux.fr\/wp-content\/uploads\/2018\/03\/coteDeBoeuf-300x200.jpg 300w, https:\/\/lafermedesbuteaux.fr\/wp-content\/uploads\/2018\/03\/coteDeBoeuf-768x512.jpg 768w\" sizes=\"auto, (max-width: 1024px) 100vw, 1024px\" \/><\/a>\n\t\t\t<\/div>\n\t\t\t\t<figcaption class='wp-caption-text gallery-caption' id='gallery-1-124'>\n\t\t\t\tAllumez le barbecue !\n\t\t\t\t<\/figcaption><\/figure><figure class='gallery-item'>\n\t\t\t<div class='gallery-icon landscape'>\n\t\t\t\t<a href='https:\/\/lafermedesbuteaux.fr\/?attachment_id=122'><img loading=\"lazy\" decoding=\"async\" width=\"1024\" height=\"683\" src=\"https:\/\/lafermedesbuteaux.fr\/wp-content\/uploads\/2018\/03\/bourguignon-1024x683.jpg\" class=\"attachment-large size-large\" alt=\"\" aria-describedby=\"gallery-1-122\" srcset=\"https:\/\/lafermedesbuteaux.fr\/wp-content\/uploads\/2018\/03\/bourguignon-1024x683.jpg 1024w, https:\/\/lafermedesbuteaux.fr\/wp-content\/uploads\/2018\/03\/bourguignon-300x200.jpg 300w, https:\/\/lafermedesbuteaux.fr\/wp-content\/uploads\/2018\/03\/bourguignon-768x512.jpg 768w\" sizes=\"auto, (max-width: 1024px) 100vw, 1024px\" \/><\/a>\n\t\t\t<\/div>\n\t\t\t\t<figcaption class='wp-caption-text gallery-caption' id='gallery-1-122'>\n\t\t\t\tB\u0153uf bourguignon et carottes, un duo ins\u00e9parable !\n\t\t\t\t<\/figcaption><\/figure><figure class='gallery-item'>\n\t\t\t<div class='gallery-icon landscape'>\n\t\t\t\t<a href='https:\/\/lafermedesbuteaux.fr\/?attachment_id=149'><img loading=\"lazy\" decoding=\"async\" width=\"1024\" height=\"683\" src=\"https:\/\/lafermedesbuteaux.fr\/wp-content\/uploads\/2018\/03\/fauxFilet-1024x683.jpg\" class=\"attachment-large size-large\" alt=\"Photo de faux filets\" aria-describedby=\"gallery-1-149\" srcset=\"https:\/\/lafermedesbuteaux.fr\/wp-content\/uploads\/2018\/03\/fauxFilet-1024x683.jpg 1024w, https:\/\/lafermedesbuteaux.fr\/wp-content\/uploads\/2018\/03\/fauxFilet-300x200.jpg 300w, https:\/\/lafermedesbuteaux.fr\/wp-content\/uploads\/2018\/03\/fauxFilet-768x512.jpg 768w\" sizes=\"auto, (max-width: 1024px) 100vw, 1024px\" \/><\/a>\n\t\t\t<\/div>\n\t\t\t\t<figcaption class='wp-caption-text gallery-caption' id='gallery-1-149'>\n\t\t\t\tId\u00e9al \u00e0 la po\u00eale avec des pommes de terre saut\u00e9es\n\t\t\t\t<\/figcaption><\/figure><figure class='gallery-item'>\n\t\t\t<div class='gallery-icon landscape'>\n\t\t\t\t<a href='https:\/\/lafermedesbuteaux.fr\/?attachment_id=150'><img loading=\"lazy\" decoding=\"async\" width=\"1024\" height=\"683\" src=\"https:\/\/lafermedesbuteaux.fr\/wp-content\/uploads\/2018\/03\/roti-1024x683.jpg\" class=\"attachment-large size-large\" alt=\"Photo d&#039;un roti de boeuf\" aria-describedby=\"gallery-1-150\" srcset=\"https:\/\/lafermedesbuteaux.fr\/wp-content\/uploads\/2018\/03\/roti-1024x683.jpg 1024w, https:\/\/lafermedesbuteaux.fr\/wp-content\/uploads\/2018\/03\/roti-300x200.jpg 300w, https:\/\/lafermedesbuteaux.fr\/wp-content\/uploads\/2018\/03\/roti-768x512.jpg 768w\" sizes=\"auto, (max-width: 1024px) 100vw, 1024px\" \/><\/a>\n\t\t\t<\/div>\n\t\t\t\t<figcaption class='wp-caption-text gallery-caption' id='gallery-1-150'>\n\t\t\t\tQuelques herbes de provence avec une noix de beurre et le tout au four\n\t\t\t\t<\/figcaption><\/figure>\n\t\t<\/div>\n\n","protected":false},"excerpt":{"rendered":"<p>La viande est pr\u00eate \u00e0 consommer ou \u00e0 congeler. Elles est d\u00e9coup\u00e9e, les biftecks tranch\u00e9s. Certifi\u00e9 Agriculture Biologique par Ecocert, aucune plante OGM dans l&rsquo;alimentation&#8230;<\/p>\n<div class=\"more-link-wrapper\"><a class=\"more-link\" href=\"https:\/\/lafermedesbuteaux.fr\/?page_id=8\">Continue reading<span class=\"screen-reader-text\">Composition des colis<\/span><\/a><\/div>\n","protected":false},"author":1,"featured_media":209,"parent":0,"menu_order":0,"comment_status":"closed","ping_status":"closed","template":"","meta":{"iawp_total_views":878,"footnotes":""},"class_list":["post-8","page","type-page","status-publish","has-post-thumbnail","hentry","entry"],"_links":{"self":[{"href":"https:\/\/lafermedesbuteaux.fr\/index.php?rest_route=\/wp\/v2\/pages\/8","targetHints":{"allow":["GET"]}}],"collection":[{"href":"https:\/\/lafermedesbuteaux.fr\/index.php?rest_route=\/wp\/v2\/pages"}],"about":[{"href":"https:\/\/lafermedesbuteaux.fr\/index.php?rest_route=\/wp\/v2\/types\/page"}],"author":[{"embeddable":true,"href":"https:\/\/lafermedesbuteaux.fr\/index.php?rest_route=\/wp\/v2\/users\/1"}],"replies":[{"embeddable":true,"href":"https:\/\/lafermedesbuteaux.fr\/index.php?rest_route=%2Fwp%2Fv2%2Fcomments&post=8"}],"version-history":[{"count":22,"href":"https:\/\/lafermedesbuteaux.fr\/index.php?rest_route=\/wp\/v2\/pages\/8\/revisions"}],"predecessor-version":[{"id":236,"href":"https:\/\/lafermedesbuteaux.fr\/index.php?rest_route=\/wp\/v2\/pages\/8\/revisions\/236"}],"wp:featuredmedia":[{"embeddable":true,"href":"https:\/\/lafermedesbuteaux.fr\/index.php?rest_route=\/wp\/v2\/media\/209"}],"wp:attachment":[{"href":"https:\/\/lafermedesbuteaux.fr\/index.php?rest_route=%2Fwp%2Fv2%2Fmedia&parent=8"}],"curies":[{"name":"wp","href":"https:\/\/api.w.org\/{rel}","templated":true}]}}