{"id":9,"date":"2018-01-27T20:53:04","date_gmt":"2018-01-27T20:53:04","guid":{"rendered":"http:\/\/lafermedesbuteaux.fr\/beta\/?page_id=9"},"modified":"2018-04-02T17:19:41","modified_gmt":"2018-04-02T17:19:41","slug":"exploitation","status":"publish","type":"page","link":"https:\/\/lafermedesbuteaux.fr\/?page_id=9","title":{"rendered":"L&rsquo;exploitation"},"content":{"rendered":"<figure id=\"attachment_181\" aria-describedby=\"caption-attachment-181\" style=\"width: 1000px\" class=\"wp-caption alignnone\"><img loading=\"lazy\" decoding=\"async\" class=\"size-full wp-image-181\" src=\"http:\/\/lafermedesbuteaux.fr\/wp-content\/uploads\/2018\/04\/IMG_0944-re.jpg\" alt=\"\" width=\"1000\" height=\"1000\" srcset=\"https:\/\/lafermedesbuteaux.fr\/wp-content\/uploads\/2018\/04\/IMG_0944-re.jpg 1000w, https:\/\/lafermedesbuteaux.fr\/wp-content\/uploads\/2018\/04\/IMG_0944-re-150x150.jpg 150w, https:\/\/lafermedesbuteaux.fr\/wp-content\/uploads\/2018\/04\/IMG_0944-re-300x300.jpg 300w, https:\/\/lafermedesbuteaux.fr\/wp-content\/uploads\/2018\/04\/IMG_0944-re-768x768.jpg 768w\" sizes=\"auto, (max-width: 1000px) 100vw, 1000px\" \/><figcaption id=\"caption-attachment-181\" class=\"wp-caption-text\">La Loire et les prairies<\/figcaption><\/figure>\n<p>L&rsquo; exploitation est sp\u00e9cialis\u00e9e dans l\u2019\u00e9levage de g\u00e9nisses <span style=\"color: #119e14;\"><strong><span style=\"color: #ff0000;\">limousines<\/span> <\/strong><\/span>biologique. Durant 3 ans, les animaux sont en <span style=\"color: #ff0000;\"><strong>libert\u00e9<\/strong> <\/span>sur de vastes prairies naturelles des bords de <span style=\"color: #ff0000;\"><strong>Loire<\/strong> <\/span>et sur les Iles, o\u00f9 ils broutent l\u2019\u00e9t\u00e9 et mangent du foin l\u2019hiver.<\/p>\n<p>Ce mode d\u2019\u00e9levage est <span style=\"color: #ff0000;\"><strong>respectueux<\/strong> <\/span>de l\u2019environnement et de l\u2019animal : nous utilisons du fumier pour les pr\u00e9s, hom\u00e9opathie et phytoth\u00e9rapie pour les animaux.<\/p>\n<p>Sur l&rsquo;exploitation il n&rsquo;y a aucun ensilage (aliment ferment\u00e9), aucun engrais chimique de synth\u00e8se, aucun pesticide (d\u00e9sherbant, fongicide ou insecticide), aucun antibiotique.<\/p>\n<p><img loading=\"lazy\" decoding=\"async\" class=\"alignnone size-full wp-image-125 aligncenter\" src=\"http:\/\/lafermedesbuteaux.fr\/wp-content\/uploads\/2018\/03\/eolienne.jpg\" alt=\"\" width=\"700\" height=\"305\" srcset=\"https:\/\/lafermedesbuteaux.fr\/wp-content\/uploads\/2018\/03\/eolienne.jpg 700w, https:\/\/lafermedesbuteaux.fr\/wp-content\/uploads\/2018\/03\/eolienne-300x131.jpg 300w\" sizes=\"auto, (max-width: 700px) 100vw, 700px\" \/><\/p>\n<p>L&rsquo;<span style=\"color: #ff0000;\"><strong>alimentation<\/strong> <\/span>est exclusivement \u00e0 base d&rsquo;<span style=\"color: #ff0000;\"><strong>herbe<\/strong> <\/span>et de luzerne. Cela donne une viande <span style=\"color: #ff0000;\"><strong>persill\u00e9e<\/strong><\/span>, <span style=\"color: #ff0000;\"><strong>go\u00fbteuse<\/strong> <\/span>et <span style=\"color: #ff0000;\"><strong>fondante<\/strong>.<\/span><\/p>\n<p>L\u2019ensemble de ces m\u00e9thodes est conforme \u00e0 l\u2019Agriculture <span style=\"color: #ff0000;\"><strong>Biologique<\/strong>,<\/span> contr\u00f4l\u00e9 par un organisme certificateur ind\u00e9pendant : Ecocert<\/p>\n<p><img loading=\"lazy\" decoding=\"async\" class=\"size-full wp-image-121 aligncenter\" src=\"http:\/\/lafermedesbuteaux.fr\/wp-content\/uploads\/2018\/03\/2017-11-05-12.03.41-2.jpg\" alt=\"\" width=\"1000\" height=\"667\" srcset=\"https:\/\/lafermedesbuteaux.fr\/wp-content\/uploads\/2018\/03\/2017-11-05-12.03.41-2.jpg 1000w, https:\/\/lafermedesbuteaux.fr\/wp-content\/uploads\/2018\/03\/2017-11-05-12.03.41-2-300x200.jpg 300w, https:\/\/lafermedesbuteaux.fr\/wp-content\/uploads\/2018\/03\/2017-11-05-12.03.41-2-768x512.jpg 768w\" sizes=\"auto, (max-width: 1000px) 100vw, 1000px\" \/><\/p>\n<p><img loading=\"lazy\" decoding=\"async\" class=\"alignnone size-full wp-image-120\" src=\"http:\/\/lafermedesbuteaux.fr\/wp-content\/uploads\/2018\/03\/2017-05-01-15.33.52.jpg\" alt=\"\" width=\"1774\" height=\"600\" srcset=\"https:\/\/lafermedesbuteaux.fr\/wp-content\/uploads\/2018\/03\/2017-05-01-15.33.52.jpg 1774w, https:\/\/lafermedesbuteaux.fr\/wp-content\/uploads\/2018\/03\/2017-05-01-15.33.52-300x101.jpg 300w, https:\/\/lafermedesbuteaux.fr\/wp-content\/uploads\/2018\/03\/2017-05-01-15.33.52-768x260.jpg 768w, https:\/\/lafermedesbuteaux.fr\/wp-content\/uploads\/2018\/03\/2017-05-01-15.33.52-1024x346.jpg 1024w\" sizes=\"auto, (max-width: 1774px) 100vw, 1774px\" \/><\/p>\n<p>&nbsp;<\/p>\n","protected":false},"excerpt":{"rendered":"<p>L&rsquo; exploitation est sp\u00e9cialis\u00e9e dans l\u2019\u00e9levage de g\u00e9nisses limousines biologique. Durant 3 ans, les animaux sont en libert\u00e9 sur de vastes prairies naturelles des bords&#8230;<\/p>\n<div class=\"more-link-wrapper\"><a class=\"more-link\" href=\"https:\/\/lafermedesbuteaux.fr\/?page_id=9\">Continue reading<span class=\"screen-reader-text\">L&rsquo;exploitation<\/span><\/a><\/div>\n","protected":false},"author":1,"featured_media":0,"parent":0,"menu_order":0,"comment_status":"closed","ping_status":"closed","template":"","meta":{"iawp_total_views":251,"footnotes":""},"class_list":["post-9","page","type-page","status-publish","hentry","entry"],"_links":{"self":[{"href":"https:\/\/lafermedesbuteaux.fr\/index.php?rest_route=\/wp\/v2\/pages\/9","targetHints":{"allow":["GET"]}}],"collection":[{"href":"https:\/\/lafermedesbuteaux.fr\/index.php?rest_route=\/wp\/v2\/pages"}],"about":[{"href":"https:\/\/lafermedesbuteaux.fr\/index.php?rest_route=\/wp\/v2\/types\/page"}],"author":[{"embeddable":true,"href":"https:\/\/lafermedesbuteaux.fr\/index.php?rest_route=\/wp\/v2\/users\/1"}],"replies":[{"embeddable":true,"href":"https:\/\/lafermedesbuteaux.fr\/index.php?rest_route=%2Fwp%2Fv2%2Fcomments&post=9"}],"version-history":[{"count":8,"href":"https:\/\/lafermedesbuteaux.fr\/index.php?rest_route=\/wp\/v2\/pages\/9\/revisions"}],"predecessor-version":[{"id":187,"href":"https:\/\/lafermedesbuteaux.fr\/index.php?rest_route=\/wp\/v2\/pages\/9\/revisions\/187"}],"wp:attachment":[{"href":"https:\/\/lafermedesbuteaux.fr\/index.php?rest_route=%2Fwp%2Fv2%2Fmedia&parent=9"}],"curies":[{"name":"wp","href":"https:\/\/api.w.org\/{rel}","templated":true}]}}